{"id":23720,"date":"2026-01-21T14:38:45","date_gmt":"2026-01-21T19:38:45","guid":{"rendered":"https:\/\/revista.konex.com.pa\/?page_id=23720"},"modified":"2026-01-21T16:08:48","modified_gmt":"2026-01-21T21:08:48","slug":"sobre-nosotros","status":"publish","type":"page","link":"https:\/\/revista.konex.com.pa\/index.php\/sobre-nosotros\/","title":{"rendered":"Sobre Nosotros"},"content":{"rendered":"\t\t<div data-elementor-type=\"wp-page\" data-elementor-id=\"23720\" class=\"elementor elementor-23720\">\n\t\t\t\t<div class=\"elementor-element elementor-element-c57fecf e-flex e-con-boxed e-con e-parent\" data-id=\"c57fecf\" data-element_type=\"container\">\n\t\t\t\t\t<div class=\"e-con-inner\">\n\t\t\t\t<div class=\"elementor-element elementor-element-79a4633 elementor-widget elementor-widget-image\" data-id=\"79a4633\" data-element_type=\"widget\" data-widget_type=\"image.default\">\n\t\t\t\t\t\t\t\t\t\t\t\t\t\t\t<img decoding=\"async\" src=\"data:image\/gif;base64,R0lGODlhAQABAAAAACH5BAEKAAEALAAAAAABAAEAAAICTAEAOw==\" data-src=\"https:\/\/revista.konex.com.pa\/wp-content\/plugins\/elementor\/assets\/images\/placeholder.png\" title=\"\" alt=\"\" loading=\"lazy\" class=\"lazyload\" \/>\t\t\t\t\t\t\t\t\t\t\t\t\t\t\t<\/div>\n\t\t\t\t<div class=\"elementor-element elementor-element-f972d5e elementor-widget elementor-widget-text-editor\" data-id=\"f972d5e\" data-element_type=\"widget\" data-widget_type=\"text-editor.default\">\n\t\t\t\t\t\t\t\t\t<p style=\"text-align: justify;\" data-start=\"155\" data-end=\"409\"><span style=\"color: #000000;\"><strong data-start=\"155\" data-end=\"168\">Chitreanos<\/strong> es un medio digital creado para informar, conectar y representar la voz de Chitr\u00e9 y su gente. Nuestro objetivo es ofrecer noticias claras, contenido relevante e historias que reflejen la realidad, cultura y crecimiento de nuestra comunidad.<\/span><\/p><p style=\"text-align: justify;\" data-start=\"411\" data-end=\"618\"><span style=\"color: #000000;\">Creemos en la informaci\u00f3n responsable, cercana y oportuna. Por eso cubrimos temas locales, nacionales, econom\u00eda, deportes, turismo, tecnolog\u00eda y entretenimiento, siempre con un enfoque aut\u00e9ntico y accesible.<\/span><\/p><p style=\"text-align: justify;\" data-start=\"620\" data-end=\"764\"><span style=\"color: #000000;\">En <strong data-start=\"623\" data-end=\"636\">Chitreanos<\/strong>, impulsamos el talento local, promovemos el desarrollo regional y fortalecemos la identidad chitreana, dentro y fuera del pa\u00eds.<\/span><\/p>\t\t\t\t\t\t\t\t<\/div>\n\t\t\t\t\t<\/div>\n\t\t\t\t<\/div>\n\t\t\t\t<\/div>\n\t\t","protected":false},"excerpt":{"rendered":"<p>Chitreanos es un medio digital creado para informar, conectar y representar la voz de Chitr\u00e9 y su gente. Nuestro objetivo es ofrecer noticias claras, contenido relevante e historias que reflejen la realidad, cultura y crecimiento de nuestra comunidad. Creemos en la informaci\u00f3n responsable, cercana y oportuna. Por eso cubrimos temas locales, nacionales, econom\u00eda, deportes, turismo, [&hellip;]<\/p>\n","protected":false},"author":1,"featured_media":0,"parent":0,"menu_order":0,"comment_status":"closed","ping_status":"closed","template":"","meta":{"footnotes":""},"class_list":["post-23720","page","type-page","status-publish","hentry"],"_hostinger_reach_plugin_has_subscription_block":false,"_hostinger_reach_plugin_is_elementor":false,"_links":{"self":[{"href":"https:\/\/revista.konex.com.pa\/index.php\/wp-json\/wp\/v2\/pages\/23720","targetHints":{"allow":["GET"]}}],"collection":[{"href":"https:\/\/revista.konex.com.pa\/index.php\/wp-json\/wp\/v2\/pages"}],"about":[{"href":"https:\/\/revista.konex.com.pa\/index.php\/wp-json\/wp\/v2\/types\/page"}],"author":[{"embeddable":true,"href":"https:\/\/revista.konex.com.pa\/index.php\/wp-json\/wp\/v2\/users\/1"}],"replies":[{"embeddable":true,"href":"https:\/\/revista.konex.com.pa\/index.php\/wp-json\/wp\/v2\/comments?post=23720"}],"version-history":[{"count":4,"href":"https:\/\/revista.konex.com.pa\/index.php\/wp-json\/wp\/v2\/pages\/23720\/revisions"}],"predecessor-version":[{"id":23785,"href":"https:\/\/revista.konex.com.pa\/index.php\/wp-json\/wp\/v2\/pages\/23720\/revisions\/23785"}],"wp:attachment":[{"href":"https:\/\/revista.konex.com.pa\/index.php\/wp-json\/wp\/v2\/media?parent=23720"}],"curies":[{"name":"wp","href":"https:\/\/api.w.org\/{rel}","templated":true}]}}